{"id":2604,"date":"2022-07-08T22:22:58","date_gmt":"2022-07-08T20:22:58","guid":{"rendered":"https:\/\/mein-gruenes-band.de\/?page_id=2604"},"modified":"2022-10-22T17:23:07","modified_gmt":"2022-10-22T15:23:07","slug":"die-flutkatastrophe-an-der-ahr-ein-jahr-danach","status":"publish","type":"page","link":"https:\/\/mein-gruenes-band.de\/index.php\/die-flutkatastrophe-an-der-ahr-ein-jahr-danach\/","title":{"rendered":"Die Flutkatastrophe an der Ahr &#8211; ein Jahr danach"},"content":{"rendered":"<h4>Ahrflut: Ursachen, Verantwortung und Zukunft<\/h4>\n<p>Manche werden sich fragen, was hat die Flutkatastrophe an der Ahr von Mitte Juli 2021 mit dem <strong>Gr\u00fcnen Band<\/strong> zu tun? In der Tat nicht viel, au\u00dfer dass ich gegen\u00fcber der Ahrm\u00fcndung am Rhein wohne und die verheerende Sintflut des 14. Juli 2021 nur wenige Kilometer von mir entfernt mitbekommen hatte. F\u00fcr mich war das Ahrtal immer wieder ein beliebtes Ausflugsziel, die schnellste Verbindung zum N\u00fcrburgring und Ausgangspunkt f\u00fcr zahllose Wander- und Radtouren. Seit mehr als 50 Jahren sehe ich die guten und schlechten Entwicklungen in der Gegend, die schroff und lieblich sein kann, die an manchen Stellen den Anschluss verpasst hat, die sich schwer mit dem Neuen tat \u2013 und jetzt ums \u00dcberleben, ums Nicht-Vergessen k\u00e4mpft.<\/p>\n<p>Es ist ein Jahr her, dass in der Nacht vom 14. auf den 15. Juli durch massiven Dauer- und Starkregen und die dadurch ausgel\u00f6ste Jahrhundert-Flut an der Ahr 134 Menschen gestorben sind, von den materiellen Sch\u00e4den ganz zu schweigen; nach letzten Sch\u00e4tzungen haben diese die 30 Mrd. Euro-Marke weit \u00fcberschritten.<\/p>\n<figure id=\"attachment_2614\" aria-describedby=\"caption-attachment-2614\" style=\"width: 300px\" class=\"wp-caption aligncenter\"><a href=\"https:\/\/mein-gruenes-band.de\/wp-content\/uploads\/2022\/07\/210809-1841-251583557.jpg\"><img loading=\"lazy\" decoding=\"async\" class=\"wp-image-2614 size-medium\" src=\"https:\/\/mein-gruenes-band.de\/wp-content\/uploads\/2022\/07\/210809-1841-251583557-300x170.jpg\" alt=\"Der Tunnel und die Stra\u00dfe sind weggep\u00fclt: Altenahr\" width=\"300\" height=\"170\" srcset=\"https:\/\/mein-gruenes-band.de\/wp-content\/uploads\/2022\/07\/210809-1841-251583557-300x170.jpg 300w, https:\/\/mein-gruenes-band.de\/wp-content\/uploads\/2022\/07\/210809-1841-251583557-768x434.jpg 768w, https:\/\/mein-gruenes-band.de\/wp-content\/uploads\/2022\/07\/210809-1841-251583557.jpg 1000w\" sizes=\"auto, (max-width: 300px) 100vw, 300px\" \/><\/a><figcaption id=\"caption-attachment-2614\" class=\"wp-caption-text\"><span style=\"color: #000000;\">Kurz vor Altenahr: Tunnel und Stra\u00dfe sind fortgesp\u00fclt (\u00a9 picture alliance\/dpa)<\/span><\/figcaption><\/figure>\n<h4>Warum wurde nicht ausreichend gewarnt?<\/h4>\n<p>Die vielen, immer noch ungekl\u00e4rten Fragen zu dieser dramatischen Nacht spitzen sich im Grunde auf eine einzige Frage zu: Warum versagte das Warnsystem in solch unvorstellbarem Ausma\u00df? Warum konnte die Flutwelle &#8211; ohne Ausl\u00f6sen eines wirksamen Alarms &#8211; vom Oberlauf der Ahr bis zur M\u00fcndung so viele Menschen in den Tod rei\u00dfen?<\/p>\n<p>Der Untersuchungsausschuss des Mainzer Landtags h\u00f6rt gerade Zeugen, will aufkl\u00e4ren und politische Verantwortung zuordnen, die Staatsanwaltschaft in Koblenz ermittelt gegen verschiedene Personen \u2013 und viele Journalisten und Medienmenschen haben sich auf Spurensuche begeben. Manches wird sich jetzt am ersten Jahrestag der Katastrophe kumulieren, hochrangige Politiker:innen werden von \u201eunterhaken\u201c, von nicht alleine lassen, von einer guten Zukunft sprechen \u2013 der Toten gedenken, an die Angeh\u00f6rigen denken, die vielen Helfer:innen loben und vieles mehr.<\/p>\n<p>Tats\u00e4chlich: ein Jahr sp\u00e4ter tut sich an vielen Stellen im Ahrtal etwas, die Arbeit der offiziellen und vor allem auch der freiwilligen Helfer:innen kann sich sehen lassen, der Fortschritt bei Bauma\u00dfnahmen ist erkennbar\u00a0 &#8211; doch geht es h\u00e4ufig nicht schnell genug. Ein Gemengelage aus b\u00fcrokratischen Anforderungen, einem Engpass an Handwerkern und anderen Fachleuten, einer \u00dcberforderung der kommunalen und Landes-Verwaltung f\u00fcr unkomplizierte Hilfe, ein ausstehendes Hochwasser-Schutzkonzept, der unverarbeitete Verlust und die Traumata sowie das Fehlen einer Vision &#8222;Ahrtal 2050&#8220; erschweren den z\u00fcgigen Aufbau: <em>time is running<\/em>.<\/p>\n<figure id=\"attachment_2615\" aria-describedby=\"caption-attachment-2615\" style=\"width: 300px\" class=\"wp-caption aligncenter\"><a href=\"https:\/\/mein-gruenes-band.de\/wp-content\/uploads\/2022\/07\/IMG_3275.jpeg\"><img loading=\"lazy\" decoding=\"async\" class=\"wp-image-2615 size-medium\" src=\"https:\/\/mein-gruenes-band.de\/wp-content\/uploads\/2022\/07\/IMG_3275-300x225.jpeg\" alt=\"Immer noch M\u00fcllberge an der Ahr\" width=\"300\" height=\"225\" srcset=\"https:\/\/mein-gruenes-band.de\/wp-content\/uploads\/2022\/07\/IMG_3275-300x225.jpeg 300w, https:\/\/mein-gruenes-band.de\/wp-content\/uploads\/2022\/07\/IMG_3275-1024x768.jpeg 1024w, https:\/\/mein-gruenes-band.de\/wp-content\/uploads\/2022\/07\/IMG_3275-768x576.jpeg 768w, https:\/\/mein-gruenes-band.de\/wp-content\/uploads\/2022\/07\/IMG_3275-1536x1152.jpeg 1536w, https:\/\/mein-gruenes-band.de\/wp-content\/uploads\/2022\/07\/IMG_3275.jpeg 2048w\" sizes=\"auto, (max-width: 300px) 100vw, 300px\" \/><\/a><figcaption id=\"caption-attachment-2615\" class=\"wp-caption-text\"><span style=\"color: #000000;\">Mai 2022 &#8211; immer noch M\u00fcllberge<\/span><\/figcaption><\/figure>\n<h4>Tour d&#8217;Ahr &#8211; mit gemischten Gef\u00fchlen<\/h4>\n<p>Am 15. Juli werde ich mit einem guten Freund die Ahr hinauf bis zur Quelle nach Blankenheim radeln, um uns ein Bild von den Ver\u00e4nderungen der letzten Monate machen zu k\u00f6nnen.<\/p>\n<figure id=\"attachment_2616\" aria-describedby=\"caption-attachment-2616\" style=\"width: 300px\" class=\"wp-caption aligncenter\"><a href=\"https:\/\/mein-gruenes-band.de\/wp-content\/uploads\/2022\/07\/IMG_3285.jpeg\"><img loading=\"lazy\" decoding=\"async\" class=\"wp-image-2616 size-medium\" src=\"https:\/\/mein-gruenes-band.de\/wp-content\/uploads\/2022\/07\/IMG_3285-300x225.jpeg\" alt=\"Mayschoss: Uferb\u00f6schung und tote H\u00e4user\" width=\"300\" height=\"225\" srcset=\"https:\/\/mein-gruenes-band.de\/wp-content\/uploads\/2022\/07\/IMG_3285-300x225.jpeg 300w, https:\/\/mein-gruenes-band.de\/wp-content\/uploads\/2022\/07\/IMG_3285-1024x768.jpeg 1024w, https:\/\/mein-gruenes-band.de\/wp-content\/uploads\/2022\/07\/IMG_3285-768x576.jpeg 768w, https:\/\/mein-gruenes-band.de\/wp-content\/uploads\/2022\/07\/IMG_3285-1536x1152.jpeg 1536w, https:\/\/mein-gruenes-band.de\/wp-content\/uploads\/2022\/07\/IMG_3285.jpeg 2048w\" sizes=\"auto, (max-width: 300px) 100vw, 300px\" \/><\/a><figcaption id=\"caption-attachment-2616\" class=\"wp-caption-text\"><span style=\"color: #000000;\">Mayschoss: Die Uferb\u00f6schung ist schon mal geschafft&#8230;<\/span><\/figcaption><\/figure>\n<p>Wer weiterlesen m\u00f6chte, klickt einfach hier:<\/p>\n<p><a href=\"https:\/\/mein-gruenes-band.de\/index.php\/2022\/07\/09\/ahrflut-was-ist-in-der-nacht-vom-14-auf-den-15-juli-passiert\/\">Was ist in der Nacht vom 14. auf den 15. Juli passiert?<\/a><\/p>\n<p><a href=\"https:\/\/mein-gruenes-band.de\/index.php\/2022\/07\/09\/ahrflut-spontane-hilfe-und-so-viele-helferinnen\/\">Spontane Hilfe und freiwillige Helfer:innen: Viele H\u00e4nde, schnelles Ende?<\/a><\/p>\n<p><a href=\"https:\/\/mein-gruenes-band.de\/index.php\/2022\/07\/14\/ahrflut-wie-geht-es-weiter\/\">Wie geht es weiter?<\/a><\/p>\n<p><a href=\"https:\/\/mein-gruenes-band.de\/index.php\/2022\/07\/13\/tour-dahr-eine-radtour-von-sinzig-bis-blankenheim\/\">Ein Jahr sp\u00e4ter: Tour d&#8217;Ahr &#8211; mit dem Rad von der Ahrm\u00fcndung bis nach Blankenheim<\/a><\/p>\n<p>PS: Nat\u00fcrlich gab es in dieser Nacht auch in Teilen von NRW gro\u00dffl\u00e4chige Sch\u00e4den, fast 50 Tote und etliche Verletzte. Hier stellen die Menschen \u00e4hnliche Fragen, haben vergleichbare existentielle Sorgen, aber der Wiederaufbau ist nicht im selben Umfang an so grunds\u00e4tzliche Fragen gebunden, wie das Leben in betroffenen Gemeinden an der Ahr in 20 oder 30 Jahren aussehen soll.<\/p>\n<p>&nbsp;<\/p>\n","protected":false},"excerpt":{"rendered":"<p>Ahrflut: Ursachen, Verantwortung und Zukunft Manche werden sich fragen, was hat die Flutkatastrophe an der Ahr von Mitte Juli 2021 mit dem Gr\u00fcnen Band zu tun? In der Tat nicht&#8230;<\/p>\n<div class=\"more-link-wrapper\"><a class=\"more-link\" href=\"https:\/\/mein-gruenes-band.de\/index.php\/die-flutkatastrophe-an-der-ahr-ein-jahr-danach\/\">Hier k\u00f6nnt ihr weiterlesen&#8230;<span class=\"screen-reader-text\">Die Flutkatastrophe an der Ahr &#8211; ein Jahr danach<\/span><\/a><\/div>\n","protected":false},"author":2,"featured_media":0,"parent":0,"menu_order":70,"comment_status":"closed","ping_status":"closed","template":"","meta":{"footnotes":""},"class_list":["post-2604","page","type-page","status-publish","hentry","ratio-16-9","entry"],"_links":{"self":[{"href":"https:\/\/mein-gruenes-band.de\/index.php\/wp-json\/wp\/v2\/pages\/2604","targetHints":{"allow":["GET"]}}],"collection":[{"href":"https:\/\/mein-gruenes-band.de\/index.php\/wp-json\/wp\/v2\/pages"}],"about":[{"href":"https:\/\/mein-gruenes-band.de\/index.php\/wp-json\/wp\/v2\/types\/page"}],"author":[{"embeddable":true,"href":"https:\/\/mein-gruenes-band.de\/index.php\/wp-json\/wp\/v2\/users\/2"}],"replies":[{"embeddable":true,"href":"https:\/\/mein-gruenes-band.de\/index.php\/wp-json\/wp\/v2\/comments?post=2604"}],"version-history":[{"count":30,"href":"https:\/\/mein-gruenes-band.de\/index.php\/wp-json\/wp\/v2\/pages\/2604\/revisions"}],"predecessor-version":[{"id":3295,"href":"https:\/\/mein-gruenes-band.de\/index.php\/wp-json\/wp\/v2\/pages\/2604\/revisions\/3295"}],"wp:attachment":[{"href":"https:\/\/mein-gruenes-band.de\/index.php\/wp-json\/wp\/v2\/media?parent=2604"}],"curies":[{"name":"wp","href":"https:\/\/api.w.org\/{rel}","templated":true}]}}